{"id":10202,"date":"2026-05-15T13:19:43","date_gmt":"2026-05-15T11:19:43","guid":{"rendered":"https:\/\/www.mr-vin.com\/?post_type=product&#038;p=10202"},"modified":"2026-05-15T13:19:43","modified_gmt":"2026-05-15T11:19:43","slug":"bouchard-aine-fils-chardonnay-bourgogne","status":"publish","type":"product","link":"https:\/\/www.mr-vin.com\/en\/product\/bouchard-aine-fils-chardonnay-bourgogne\/","title":{"rendered":"Bouchard A\u00een\u00e9 &#038; Fils Chardonnay Bourgogne"},"content":{"rendered":"<p>Variedad: 100% Cherdonnay<\/p>\n<p>Bouchard A\u00een\u00e9 &amp; Fils destaca por su elegante crianza en barricas de roble, que le confiere una seductora profundidad.<br \/>\nLa fermentaci\u00f3n ocurre tanto en tanques de acero inoxidable como en viejas barricas de roble, lo que aporta al vino una profundidad y complejidad adicionales. Durante la crianza, el Chardonnay madura sobre sus l\u00edas finas, lo que refina a\u00fan m\u00e1s el perfil de sabor. Despu\u00e9s de varios meses de maduraci\u00f3n, el vino finalmente se embotella y queda listo para ser descubierto.<\/p>\n<p>Maridaje: Pescado a la parrilla, Pollo, Platos de pasta, Queso de cabra fino&#8230;<\/p>\n<p>&nbsp;<\/p>\n","protected":false},"excerpt":{"rendered":"<p>Variedad: 100% Cherdonnay Bouchard A\u00een\u00e9 &amp; Fils destaca por su elegante crianza en barricas de roble, que le confiere una\u2026<\/p>\n","protected":false},"featured_media":10203,"template":"","meta":{"inline_featured_image":false,"_monsterinsights_skip_tracking":false,"_monsterinsights_sitenote_active":false,"_monsterinsights_sitenote_note":"","_monsterinsights_sitenote_category":0},"product_brand":[],"product_cat":[792,79,78],"product_tag":[],"class_list":{"0":"post-10202","1":"product","2":"type-product","3":"status-publish","4":"has-post-thumbnail","6":"product_cat-novedades","7":"product_cat-vinos-blancos","8":"product_cat-vinos-ecologicos","9":"pa_bodega-bouchard-aine-fils","10":"pa_zona-vinicola-borgona","12":"first","13":"instock","14":"taxable","15":"shipping-taxable","16":"purchasable","17":"product-type-simple"},"_links":{"self":[{"href":"https:\/\/www.mr-vin.com\/en\/wp-json\/wp\/v2\/product\/10202","targetHints":{"allow":["GET"]}}],"collection":[{"href":"https:\/\/www.mr-vin.com\/en\/wp-json\/wp\/v2\/product"}],"about":[{"href":"https:\/\/www.mr-vin.com\/en\/wp-json\/wp\/v2\/types\/product"}],"wp:featuredmedia":[{"embeddable":true,"href":"https:\/\/www.mr-vin.com\/en\/wp-json\/wp\/v2\/media\/10203"}],"wp:attachment":[{"href":"https:\/\/www.mr-vin.com\/en\/wp-json\/wp\/v2\/media?parent=10202"}],"wp:term":[{"taxonomy":"product_brand","embeddable":true,"href":"https:\/\/www.mr-vin.com\/en\/wp-json\/wp\/v2\/product_brand?post=10202"},{"taxonomy":"product_cat","embeddable":true,"href":"https:\/\/www.mr-vin.com\/en\/wp-json\/wp\/v2\/product_cat?post=10202"},{"taxonomy":"product_tag","embeddable":true,"href":"https:\/\/www.mr-vin.com\/en\/wp-json\/wp\/v2\/product_tag?post=10202"}],"curies":[{"name":"wp","href":"https:\/\/api.w.org\/{rel}","templated":true}]}}