{"id":10199,"date":"2026-05-15T12:03:43","date_gmt":"2026-05-15T10:03:43","guid":{"rendered":"https:\/\/www.mr-vin.com\/?post_type=product&#038;p=10199"},"modified":"2026-05-15T12:03:43","modified_gmt":"2026-05-15T10:03:43","slug":"famille-descombe-chardonnay","status":"publish","type":"product","link":"https:\/\/www.mr-vin.com\/en\/product\/famille-descombe-chardonnay\/","title":{"rendered":"Famille Descombe Chardonnay"},"content":{"rendered":"<p>100% Chardonnay<\/p>\n<p>Dorado y expresivo, este Chardonnay 100% del sur de Francia conserva su frescura y sus intensos aromas a fruta blanca y c\u00edtricos gracias al terreno extremo del vi\u00f1edo: altitudes que superan los 500 m e inclinaciones de m\u00e1s del 30%.<\/p>\n<p><em><strong>Maridaje:<\/strong> Marisco, pasta, pescado azul, queso tierno y cremoso, carne adobada&#8230;<\/em><\/p>\n","protected":false},"excerpt":{"rendered":"<p>100% Chardonnay Dorado y expresivo, este Chardonnay 100% del sur de Francia conserva su frescura y sus intensos aromas a\u2026<\/p>\n","protected":false},"featured_media":10200,"template":"","meta":{"inline_featured_image":false,"_monsterinsights_skip_tracking":false,"_monsterinsights_sitenote_active":false,"_monsterinsights_sitenote_note":"","_monsterinsights_sitenote_category":0},"product_brand":[],"product_cat":[792,79],"product_tag":[],"class_list":{"0":"post-10199","1":"product","2":"type-product","3":"status-publish","4":"has-post-thumbnail","6":"product_cat-novedades","7":"product_cat-vinos-blancos","8":"pa_bodega-famille-descombe","9":"pa_zona-vinicola-borgona","11":"first","12":"instock","13":"taxable","14":"shipping-taxable","15":"purchasable","16":"product-type-simple"},"_links":{"self":[{"href":"https:\/\/www.mr-vin.com\/en\/wp-json\/wp\/v2\/product\/10199","targetHints":{"allow":["GET"]}}],"collection":[{"href":"https:\/\/www.mr-vin.com\/en\/wp-json\/wp\/v2\/product"}],"about":[{"href":"https:\/\/www.mr-vin.com\/en\/wp-json\/wp\/v2\/types\/product"}],"wp:featuredmedia":[{"embeddable":true,"href":"https:\/\/www.mr-vin.com\/en\/wp-json\/wp\/v2\/media\/10200"}],"wp:attachment":[{"href":"https:\/\/www.mr-vin.com\/en\/wp-json\/wp\/v2\/media?parent=10199"}],"wp:term":[{"taxonomy":"product_brand","embeddable":true,"href":"https:\/\/www.mr-vin.com\/en\/wp-json\/wp\/v2\/product_brand?post=10199"},{"taxonomy":"product_cat","embeddable":true,"href":"https:\/\/www.mr-vin.com\/en\/wp-json\/wp\/v2\/product_cat?post=10199"},{"taxonomy":"product_tag","embeddable":true,"href":"https:\/\/www.mr-vin.com\/en\/wp-json\/wp\/v2\/product_tag?post=10199"}],"curies":[{"name":"wp","href":"https:\/\/api.w.org\/{rel}","templated":true}]}}