{"id":10190,"date":"2026-05-14T13:00:49","date_gmt":"2026-05-14T11:00:49","guid":{"rendered":"https:\/\/www.mr-vin.com\/?post_type=product&#038;p=10190"},"modified":"2026-05-14T13:09:44","modified_gmt":"2026-05-14T11:09:44","slug":"j-moreau-fils-chablis","status":"publish","type":"product","link":"https:\/\/www.mr-vin.com\/en\/product\/j-moreau-fils-chablis\/","title":{"rendered":"J. Moreau &#038; Fils Chablis"},"content":{"rendered":"<div class=\"infoGroup\">\n<div>Variedad: 100 % Chardonnay<\/div>\n<div>\nEl vino ic\u00f3nico de la uva Chardonnay. Impresionante por su car\u00e1cter mineral, deliciosa frescura y acidez que lo hacen inconfundible a nivel mundial. Crianza sobre l\u00edas.<\/div>\n<\/div>\n<div><em><strong><br \/>\nMaridaje:<\/strong> Acompa\u00f1a las ostras o cualquier marisco, pero tambi\u00e9n el pescado de agua dulce y las carnes blancas con salsas cremosas, elaboradas a base de mantequilla o crema de leche.<\/em><\/div>\n","protected":false},"excerpt":{"rendered":"<p>Variedad: 100 % Chardonnay El vino ic\u00f3nico de la uva Chardonnay. Impresionante por su car\u00e1cter mineral, deliciosa frescura y acidez\u2026<\/p>\n","protected":false},"featured_media":10191,"template":"","meta":{"inline_featured_image":false,"_monsterinsights_skip_tracking":false,"_monsterinsights_sitenote_active":false,"_monsterinsights_sitenote_note":"","_monsterinsights_sitenote_category":0},"product_brand":[],"product_cat":[792,79],"product_tag":[],"class_list":{"0":"post-10190","1":"product","2":"type-product","3":"status-publish","4":"has-post-thumbnail","6":"product_cat-novedades","7":"product_cat-vinos-blancos","8":"pa_bodega-j-moreau-fils","9":"pa_zona-vinicola-borgona","11":"first","12":"instock","13":"taxable","14":"shipping-taxable","15":"purchasable","16":"product-type-simple"},"_links":{"self":[{"href":"https:\/\/www.mr-vin.com\/en\/wp-json\/wp\/v2\/product\/10190","targetHints":{"allow":["GET"]}}],"collection":[{"href":"https:\/\/www.mr-vin.com\/en\/wp-json\/wp\/v2\/product"}],"about":[{"href":"https:\/\/www.mr-vin.com\/en\/wp-json\/wp\/v2\/types\/product"}],"wp:featuredmedia":[{"embeddable":true,"href":"https:\/\/www.mr-vin.com\/en\/wp-json\/wp\/v2\/media\/10191"}],"wp:attachment":[{"href":"https:\/\/www.mr-vin.com\/en\/wp-json\/wp\/v2\/media?parent=10190"}],"wp:term":[{"taxonomy":"product_brand","embeddable":true,"href":"https:\/\/www.mr-vin.com\/en\/wp-json\/wp\/v2\/product_brand?post=10190"},{"taxonomy":"product_cat","embeddable":true,"href":"https:\/\/www.mr-vin.com\/en\/wp-json\/wp\/v2\/product_cat?post=10190"},{"taxonomy":"product_tag","embeddable":true,"href":"https:\/\/www.mr-vin.com\/en\/wp-json\/wp\/v2\/product_tag?post=10190"}],"curies":[{"name":"wp","href":"https:\/\/api.w.org\/{rel}","templated":true}]}}