{"id":10174,"date":"2026-05-12T13:32:01","date_gmt":"2026-05-12T11:32:01","guid":{"rendered":"https:\/\/www.mr-vin.com\/?post_type=product&#038;p=10174"},"modified":"2026-05-12T13:32:01","modified_gmt":"2026-05-12T11:32:01","slug":"manzanilla-la-guita","status":"publish","type":"product","link":"https:\/\/www.mr-vin.com\/en\/product\/manzanilla-la-guita\/","title":{"rendered":"Manzanilla La Guita"},"content":{"rendered":"<p><strong>Manzanilla La Guita\u00a0<\/strong>es un vino elaborado con<strong>\u00a0Palomino Fino\u00a0<\/strong>de vi\u00f1edos situados en el\u00a0<strong>Pago de Miraflores<\/strong>, uno de los pagos m\u00e1s emblem\u00e1ticos de Sanl\u00facar.<\/p>\n<p>Tras la vendimia y despu\u00e9s de un ligero prensado, el mosto fermenta en dep\u00f3sitos de acero inoxidable a temperatura controlada. Una vez seleccionado el vino, que debe ser limpio en nariz, p\u00e1lido y ligero, se encabeza hasta el 15% vol. alc. y entra a formar parte en el sistema de criaderas y soleras, realizando una crianza biol\u00f3gica con velo de flor en estas botas de roble americano de 516 litros, durante m\u00e1s de 4 a\u00f1os.<\/p>\n<p><strong>Manzanilla La Guita\u00a0<\/strong>es un vino elegante, con estructura y mineralidad. Es la Manzanilla por excelencia.<\/p>\n<p><em><strong>Maridaje:<\/strong> Aperitivo, Arroces, Embutidos, Sushi, Pescado azul, Ahumados, Verduras, Marisco, Pescado blanco&#8230;<\/em><\/p>\n","protected":false},"excerpt":{"rendered":"<p>Manzanilla La Guita\u00a0es un vino elaborado con\u00a0Palomino Fino\u00a0de vi\u00f1edos situados en el\u00a0Pago de Miraflores, uno de los pagos m\u00e1s emblem\u00e1ticos\u2026<\/p>\n","protected":false},"featured_media":10175,"template":"","meta":{"inline_featured_image":false,"_monsterinsights_skip_tracking":false,"_monsterinsights_sitenote_active":false,"_monsterinsights_sitenote_note":"","_monsterinsights_sitenote_category":0},"product_brand":[],"product_cat":[278,792],"product_tag":[],"class_list":{"0":"post-10174","1":"product","2":"type-product","3":"status-publish","4":"has-post-thumbnail","6":"product_cat-elaboraciones-especiales","7":"product_cat-novedades","8":"pa_bodega-bodegas-de-hijos-de-rainera-perez-marin","9":"pa_zona-vinicola-manzanilla-sanlucar-de-barrameda","11":"first","12":"instock","13":"taxable","14":"shipping-taxable","15":"purchasable","16":"product-type-simple"},"_links":{"self":[{"href":"https:\/\/www.mr-vin.com\/en\/wp-json\/wp\/v2\/product\/10174","targetHints":{"allow":["GET"]}}],"collection":[{"href":"https:\/\/www.mr-vin.com\/en\/wp-json\/wp\/v2\/product"}],"about":[{"href":"https:\/\/www.mr-vin.com\/en\/wp-json\/wp\/v2\/types\/product"}],"wp:featuredmedia":[{"embeddable":true,"href":"https:\/\/www.mr-vin.com\/en\/wp-json\/wp\/v2\/media\/10175"}],"wp:attachment":[{"href":"https:\/\/www.mr-vin.com\/en\/wp-json\/wp\/v2\/media?parent=10174"}],"wp:term":[{"taxonomy":"product_brand","embeddable":true,"href":"https:\/\/www.mr-vin.com\/en\/wp-json\/wp\/v2\/product_brand?post=10174"},{"taxonomy":"product_cat","embeddable":true,"href":"https:\/\/www.mr-vin.com\/en\/wp-json\/wp\/v2\/product_cat?post=10174"},{"taxonomy":"product_tag","embeddable":true,"href":"https:\/\/www.mr-vin.com\/en\/wp-json\/wp\/v2\/product_tag?post=10174"}],"curies":[{"name":"wp","href":"https:\/\/api.w.org\/{rel}","templated":true}]}}