{"id":10146,"date":"2026-05-08T10:51:03","date_gmt":"2026-05-08T08:51:03","guid":{"rendered":"https:\/\/www.mr-vin.com\/?post_type=product&#038;p=10146"},"modified":"2026-05-08T10:51:03","modified_gmt":"2026-05-08T08:51:03","slug":"xumeu-vinya-ancestral-rose","status":"publish","type":"product","link":"https:\/\/www.mr-vin.com\/en\/product\/xumeu-vinya-ancestral-rose\/","title":{"rendered":"Xumeu vinya ancestral rose"},"content":{"rendered":"<p>Variedad: Chardonnay, Malvas\u00eda, Parellada.<\/p>\n<p>Espumoso de calidad elaborado mediante el m\u00e9todo ancestral, es decir, acabando la fermentaci\u00f3n en botella para as\u00ed mantener el carb\u00f3nico de una manera natural, elaborado en Ibiza de la mano de Toni Mar\u00ed Prats, un apasionado de los vinos espumosos y de la isla. Seco, fresco y muy arom\u00e1tico; ideal como aperitivo o para acompa\u00f1ar una cena durante las calurosas noches de verano.<\/p>\n<p>Sin estabilizar, clarificar ni filtrar. Puede presentar sedimentos y cristalizaciones naturales.<\/p>\n<p>Contiene sulfitos.<\/p>\n<p><strong><i>Maridaje:<\/i><\/strong><em> Marida perfectamente con aperitivos, mariscos, pescados&#8230;<\/em><\/p>\n","protected":false},"excerpt":{"rendered":"<p>Variedad: Chardonnay, Malvas\u00eda, Parellada. Espumoso de calidad elaborado mediante el m\u00e9todo ancestral, es decir, acabando la fermentaci\u00f3n en botella para\u2026<\/p>\n","protected":false},"featured_media":10148,"template":"","meta":{"inline_featured_image":false,"_monsterinsights_skip_tracking":false,"_monsterinsights_sitenote_active":false,"_monsterinsights_sitenote_note":"","_monsterinsights_sitenote_category":0},"product_brand":[],"product_cat":[277,792],"product_tag":[],"class_list":{"0":"post-10146","1":"product","2":"type-product","3":"status-publish","4":"has-post-thumbnail","6":"product_cat-espumosos","7":"product_cat-novedades","8":"pa_bodega-xumeu-vinya","9":"pa_zona-vinicola-sant-josep-de-sa-talaia","11":"first","12":"instock","13":"taxable","14":"shipping-taxable","15":"purchasable","16":"product-type-simple"},"_links":{"self":[{"href":"https:\/\/www.mr-vin.com\/en\/wp-json\/wp\/v2\/product\/10146","targetHints":{"allow":["GET"]}}],"collection":[{"href":"https:\/\/www.mr-vin.com\/en\/wp-json\/wp\/v2\/product"}],"about":[{"href":"https:\/\/www.mr-vin.com\/en\/wp-json\/wp\/v2\/types\/product"}],"wp:featuredmedia":[{"embeddable":true,"href":"https:\/\/www.mr-vin.com\/en\/wp-json\/wp\/v2\/media\/10148"}],"wp:attachment":[{"href":"https:\/\/www.mr-vin.com\/en\/wp-json\/wp\/v2\/media?parent=10146"}],"wp:term":[{"taxonomy":"product_brand","embeddable":true,"href":"https:\/\/www.mr-vin.com\/en\/wp-json\/wp\/v2\/product_brand?post=10146"},{"taxonomy":"product_cat","embeddable":true,"href":"https:\/\/www.mr-vin.com\/en\/wp-json\/wp\/v2\/product_cat?post=10146"},{"taxonomy":"product_tag","embeddable":true,"href":"https:\/\/www.mr-vin.com\/en\/wp-json\/wp\/v2\/product_tag?post=10146"}],"curies":[{"name":"wp","href":"https:\/\/api.w.org\/{rel}","templated":true}]}}