{"id":10139,"date":"2026-04-30T13:25:21","date_gmt":"2026-04-30T11:25:21","guid":{"rendered":"https:\/\/www.mr-vin.com\/?post_type=product&#038;p=10139"},"modified":"2026-04-30T13:25:22","modified_gmt":"2026-04-30T11:25:22","slug":"zorro-de-menade-godello","status":"publish","type":"product","link":"https:\/\/www.mr-vin.com\/en\/product\/zorro-de-menade-godello\/","title":{"rendered":"Zorro de Menade godello"},"content":{"rendered":"<p><strong>100% Godello<\/strong>-Viticultura natural org\u00e1nica certificada.<\/p>\n<p class=\"p1\">La uva procede de distintas parcelas con suelos arcillo \u2013 calc\u00e1reos y cantos rodados de la zona de Rueda. Las cepas tienen m\u00e1s de 30 a\u00f1os, donde<br \/>\nhan realizado injertos de yemas de la variedad Godello.<\/p>\n<p class=\"p1\">Esta bodega apuesta por la fermentaci\u00f3n con levaduras naturales para conseguir la m\u00e1xima expresi\u00f3n de su entorno.<\/p>\n<p class=\"p1\">El vino fermenta en dep\u00f3sito de acero inoxidable a una temperatura controlada de 18-22\u00baC.<\/p>\n<p class=\"p2\">Trabajan con rendimientos bajos, la fermentaci\u00f3n alcoh\u00f3lica se lleva a cabo con levaduras naturales en dep\u00f3sitos de acero<br \/>\ninoxidable y el vino permanece un breve periodo de tiempo con sus l\u00edas antes de ser embotellado.<\/p>\n<p><em><strong>Maridaje:<\/strong> Mariscos, pescados blancos, ensaladas, menestras, arroces, pastas y carne blanca.<\/em><\/p>\n","protected":false},"excerpt":{"rendered":"<p>100% Godello-Viticultura natural org\u00e1nica certificada. La uva procede de distintas parcelas con suelos arcillo \u2013 calc\u00e1reos y cantos rodados de\u2026<\/p>\n","protected":false},"featured_media":10140,"template":"","meta":{"inline_featured_image":false,"_monsterinsights_skip_tracking":false,"_monsterinsights_sitenote_active":false,"_monsterinsights_sitenote_note":"","_monsterinsights_sitenote_category":0},"product_brand":[],"product_cat":[792,79,78],"product_tag":[],"class_list":{"0":"post-10139","1":"product","2":"type-product","3":"status-publish","4":"has-post-thumbnail","6":"product_cat-novedades","7":"product_cat-vinos-blancos","8":"product_cat-vinos-ecologicos","9":"pa_bodega-menade","10":"pa_zona-vinicola-v-t-castilla-y-leon","12":"first","13":"instock","14":"taxable","15":"shipping-taxable","16":"purchasable","17":"product-type-simple"},"_links":{"self":[{"href":"https:\/\/www.mr-vin.com\/en\/wp-json\/wp\/v2\/product\/10139","targetHints":{"allow":["GET"]}}],"collection":[{"href":"https:\/\/www.mr-vin.com\/en\/wp-json\/wp\/v2\/product"}],"about":[{"href":"https:\/\/www.mr-vin.com\/en\/wp-json\/wp\/v2\/types\/product"}],"wp:featuredmedia":[{"embeddable":true,"href":"https:\/\/www.mr-vin.com\/en\/wp-json\/wp\/v2\/media\/10140"}],"wp:attachment":[{"href":"https:\/\/www.mr-vin.com\/en\/wp-json\/wp\/v2\/media?parent=10139"}],"wp:term":[{"taxonomy":"product_brand","embeddable":true,"href":"https:\/\/www.mr-vin.com\/en\/wp-json\/wp\/v2\/product_brand?post=10139"},{"taxonomy":"product_cat","embeddable":true,"href":"https:\/\/www.mr-vin.com\/en\/wp-json\/wp\/v2\/product_cat?post=10139"},{"taxonomy":"product_tag","embeddable":true,"href":"https:\/\/www.mr-vin.com\/en\/wp-json\/wp\/v2\/product_tag?post=10139"}],"curies":[{"name":"wp","href":"https:\/\/api.w.org\/{rel}","templated":true}]}}