{"id":10136,"date":"2026-04-30T11:56:27","date_gmt":"2026-04-30T09:56:27","guid":{"rendered":"https:\/\/www.mr-vin.com\/?post_type=product&#038;p=10136"},"modified":"2026-04-30T11:56:27","modified_gmt":"2026-04-30T09:56:27","slug":"guitian-sobre-lias","status":"publish","type":"product","link":"https:\/\/www.mr-vin.com\/en\/product\/guitian-sobre-lias\/","title":{"rendered":"Guiti\u00e1n Sobre L\u00edas"},"content":{"rendered":"<div class=\"product-name\">\n<p class=\"subtitleproduct\"><b>Uno de los mejores godellos de Valdeorras<\/b><\/p>\n<\/div>\n<div class=\"std description\">\n<p><strong>Guiti\u00e1n Sobre L\u00edas 2024<\/strong>\u00a0es uno de los grandes godellos de la Denominaci\u00f3n de Origen Valdeorras. El primer vino espa\u00f1ol con crianza sobre l\u00edas en dep\u00f3sito, con removido semanal de las mismas durante 6 meses. Un blanco que seduce por su agradable acidez, atractiva untuosidad y su amplia gama de aromas y sabores.<\/p>\n<p><em><strong>Maridaje:<\/strong> Boquerones fritos, salpic\u00f3n de marisco o aperitivos con anchoas.<\/em><\/p>\n<\/div>\n","protected":false},"excerpt":{"rendered":"<p>Uno de los mejores godellos de Valdeorras Guiti\u00e1n Sobre L\u00edas 2024\u00a0es uno de los grandes godellos de la Denominaci\u00f3n de\u2026<\/p>\n","protected":false},"featured_media":10137,"template":"","meta":{"inline_featured_image":false,"_monsterinsights_skip_tracking":false,"_monsterinsights_sitenote_active":false,"_monsterinsights_sitenote_note":"","_monsterinsights_sitenote_category":0},"product_brand":[],"product_cat":[792,79],"product_tag":[],"class_list":{"0":"post-10136","1":"product","2":"type-product","3":"status-publish","4":"has-post-thumbnail","6":"product_cat-novedades","7":"product_cat-vinos-blancos","8":"pa_bodega-finca-a-tapada","9":"pa_zona-vinicola-d-o-valdeorras","11":"first","12":"instock","13":"taxable","14":"shipping-taxable","15":"purchasable","16":"product-type-simple"},"_links":{"self":[{"href":"https:\/\/www.mr-vin.com\/en\/wp-json\/wp\/v2\/product\/10136","targetHints":{"allow":["GET"]}}],"collection":[{"href":"https:\/\/www.mr-vin.com\/en\/wp-json\/wp\/v2\/product"}],"about":[{"href":"https:\/\/www.mr-vin.com\/en\/wp-json\/wp\/v2\/types\/product"}],"wp:featuredmedia":[{"embeddable":true,"href":"https:\/\/www.mr-vin.com\/en\/wp-json\/wp\/v2\/media\/10137"}],"wp:attachment":[{"href":"https:\/\/www.mr-vin.com\/en\/wp-json\/wp\/v2\/media?parent=10136"}],"wp:term":[{"taxonomy":"product_brand","embeddable":true,"href":"https:\/\/www.mr-vin.com\/en\/wp-json\/wp\/v2\/product_brand?post=10136"},{"taxonomy":"product_cat","embeddable":true,"href":"https:\/\/www.mr-vin.com\/en\/wp-json\/wp\/v2\/product_cat?post=10136"},{"taxonomy":"product_tag","embeddable":true,"href":"https:\/\/www.mr-vin.com\/en\/wp-json\/wp\/v2\/product_tag?post=10136"}],"curies":[{"name":"wp","href":"https:\/\/api.w.org\/{rel}","templated":true}]}}