{"id":10095,"date":"2026-04-28T11:32:23","date_gmt":"2026-04-28T09:32:23","guid":{"rendered":"https:\/\/www.mr-vin.com\/?post_type=product&#038;p=10095"},"modified":"2026-04-28T11:32:23","modified_gmt":"2026-04-28T09:32:23","slug":"perro-verde-seleccion-especial","status":"publish","type":"product","link":"https:\/\/www.mr-vin.com\/en\/product\/perro-verde-seleccion-especial\/","title":{"rendered":"Perro verde selecci\u00f3n especial"},"content":{"rendered":"<p>Variedades: 100% verdejo ecol\u00f3gico<\/p>\n<p><strong>El perro verde Selecci\u00f3n Especial<\/strong> es nuestro vino so\u00f1ado. Despu\u00e9s de numerosos a\u00f1os seleccionando las mejores vi\u00f1as y ensayando diferentes vinificaciones y crianzas, por fin, con la a\u00f1ada 2024, decidimos presentar nuestro vino de Rueda m\u00e1s especial. Un verdejo muy refinado y que a la vez encarna todo el car\u00e1cter de esta variedad. Un gran blanco, muy elegante y pensado tambi\u00e9n para la guarda. Un vino que \u00fanicamente saldr\u00e1 en las mejores a\u00f1adas y que siempre tendr\u00e1 una producci\u00f3n muy limitada. 9 meses en l\u00edas.<\/p>\n<p><em><strong>Maridaje:<\/strong> Perfecto con aperitivos, marisco, sushi, arroces y una gran variedad de platos.<\/em><\/p>\n","protected":false},"excerpt":{"rendered":"<p>Variedades: 100% verdejo ecol\u00f3gico El perro verde Selecci\u00f3n Especial es nuestro vino so\u00f1ado. Despu\u00e9s de numerosos a\u00f1os seleccionando las mejores\u2026<\/p>\n","protected":false},"featured_media":10097,"template":"","meta":{"inline_featured_image":false,"_monsterinsights_skip_tracking":false,"_monsterinsights_sitenote_active":false,"_monsterinsights_sitenote_note":"","_monsterinsights_sitenote_category":0},"product_brand":[],"product_cat":[792,79,78],"product_tag":[],"class_list":{"0":"post-10095","1":"product","2":"type-product","3":"status-publish","4":"has-post-thumbnail","6":"product_cat-novedades","7":"product_cat-vinos-blancos","8":"product_cat-vinos-ecologicos","9":"pa_bodega-uvas-felices","10":"pa_zona-vinicola-d-o-rueda","12":"first","13":"instock","14":"taxable","15":"shipping-taxable","16":"purchasable","17":"product-type-simple"},"_links":{"self":[{"href":"https:\/\/www.mr-vin.com\/en\/wp-json\/wp\/v2\/product\/10095","targetHints":{"allow":["GET"]}}],"collection":[{"href":"https:\/\/www.mr-vin.com\/en\/wp-json\/wp\/v2\/product"}],"about":[{"href":"https:\/\/www.mr-vin.com\/en\/wp-json\/wp\/v2\/types\/product"}],"wp:featuredmedia":[{"embeddable":true,"href":"https:\/\/www.mr-vin.com\/en\/wp-json\/wp\/v2\/media\/10097"}],"wp:attachment":[{"href":"https:\/\/www.mr-vin.com\/en\/wp-json\/wp\/v2\/media?parent=10095"}],"wp:term":[{"taxonomy":"product_brand","embeddable":true,"href":"https:\/\/www.mr-vin.com\/en\/wp-json\/wp\/v2\/product_brand?post=10095"},{"taxonomy":"product_cat","embeddable":true,"href":"https:\/\/www.mr-vin.com\/en\/wp-json\/wp\/v2\/product_cat?post=10095"},{"taxonomy":"product_tag","embeddable":true,"href":"https:\/\/www.mr-vin.com\/en\/wp-json\/wp\/v2\/product_tag?post=10095"}],"curies":[{"name":"wp","href":"https:\/\/api.w.org\/{rel}","templated":true}]}}