{"id":10086,"date":"2026-04-23T13:30:10","date_gmt":"2026-04-23T11:30:10","guid":{"rendered":"https:\/\/www.mr-vin.com\/?post_type=product&#038;p=10086"},"modified":"2026-04-24T11:31:18","modified_gmt":"2026-04-24T09:31:18","slug":"el-picaro-de-domingo","status":"publish","type":"product","link":"https:\/\/www.mr-vin.com\/en\/product\/el-picaro-de-domingo\/","title":{"rendered":"El p\u00edcaro de domingo Matsu"},"content":{"rendered":"<p><span style=\"color: #000000;\">100% Tinta de Toro<\/span><\/p>\n<p><strong>Matsu de Domingo El P\u00edcaro 2014<\/strong> es una edici\u00f3n limitada de Matsu El P\u00edcaro. Un magn\u00edfico \u2018toro\u2019 con la fruta y la madera perfectamente ensambladas, elaborado con los mejores racimos de un vi\u00f1edo plantado en 1928 por una bodega que apuesta por la agricultura ecol\u00f3gica.<\/p>\n<p>&nbsp;<\/p>\n<p><em><span class=\"T286Pc\" data-sfc-cp=\"\" data-sfc-root=\"c\" data-sfc-cb=\"\"><strong class=\"Yjhzub\" data-sfc-root=\"c\" data-sfc-cb=\"\">Maridaje:<\/strong>\u00a0Ideal con guisos de carne, filete a la pimienta, quesos curados, embutidos y tapas.<\/span><\/em><\/p>\n","protected":false},"excerpt":{"rendered":"<p>100% Tinta de Toro Matsu de Domingo El P\u00edcaro 2014 es una edici\u00f3n limitada de Matsu El P\u00edcaro. Un magn\u00edfico\u2026<\/p>\n","protected":false},"featured_media":10088,"template":"","meta":{"inline_featured_image":false,"_monsterinsights_skip_tracking":false,"_monsterinsights_sitenote_active":false,"_monsterinsights_sitenote_note":"","_monsterinsights_sitenote_category":0},"product_brand":[],"product_cat":[792,77],"product_tag":[],"class_list":{"0":"post-10086","1":"product","2":"type-product","3":"status-publish","4":"has-post-thumbnail","6":"product_cat-novedades","7":"product_cat-vinos-tintos","8":"pa_bodega-matsu","9":"pa_zona-vinicola-d-o-toro","11":"first","12":"outofstock","13":"taxable","14":"shipping-taxable","15":"purchasable","16":"product-type-simple"},"_links":{"self":[{"href":"https:\/\/www.mr-vin.com\/en\/wp-json\/wp\/v2\/product\/10086","targetHints":{"allow":["GET"]}}],"collection":[{"href":"https:\/\/www.mr-vin.com\/en\/wp-json\/wp\/v2\/product"}],"about":[{"href":"https:\/\/www.mr-vin.com\/en\/wp-json\/wp\/v2\/types\/product"}],"wp:featuredmedia":[{"embeddable":true,"href":"https:\/\/www.mr-vin.com\/en\/wp-json\/wp\/v2\/media\/10088"}],"wp:attachment":[{"href":"https:\/\/www.mr-vin.com\/en\/wp-json\/wp\/v2\/media?parent=10086"}],"wp:term":[{"taxonomy":"product_brand","embeddable":true,"href":"https:\/\/www.mr-vin.com\/en\/wp-json\/wp\/v2\/product_brand?post=10086"},{"taxonomy":"product_cat","embeddable":true,"href":"https:\/\/www.mr-vin.com\/en\/wp-json\/wp\/v2\/product_cat?post=10086"},{"taxonomy":"product_tag","embeddable":true,"href":"https:\/\/www.mr-vin.com\/en\/wp-json\/wp\/v2\/product_tag?post=10086"}],"curies":[{"name":"wp","href":"https:\/\/api.w.org\/{rel}","templated":true}]}}