{"id":10060,"date":"2026-04-14T13:00:02","date_gmt":"2026-04-14T11:00:02","guid":{"rendered":"https:\/\/www.mr-vin.com\/?post_type=product&#038;p=10060"},"modified":"2026-04-14T13:02:47","modified_gmt":"2026-04-14T11:02:47","slug":"nounat-de-binigrau","status":"publish","type":"product","link":"https:\/\/www.mr-vin.com\/en\/product\/nounat-de-binigrau\/","title":{"rendered":"Nounat de Binigrau"},"content":{"rendered":"<p>Elaborado a partir de las <strong>variedades<\/strong> prensal blanc y chardonnay.<\/p>\n<p>De color amarillo p\u00e1lido con reflejos dorados ribeteado de tonalidades verdosas. Aromas de frutas secas, nueces y almendras, flores blancas, as\u00ed como frutas tropicales, pi\u00f1a y pl\u00e1tano. Buena estructura, acidez equilibrada. Goloso y sugerente.<\/p>\n","protected":false},"excerpt":{"rendered":"<p>Elaborado a partir de las variedades prensal blanc y chardonnay. De color amarillo p\u00e1lido con reflejos dorados ribeteado de tonalidades\u2026<\/p>\n","protected":false},"featured_media":10061,"template":"","meta":{"inline_featured_image":false,"_monsterinsights_skip_tracking":false,"_monsterinsights_sitenote_active":false,"_monsterinsights_sitenote_note":"","_monsterinsights_sitenote_category":0},"product_brand":[],"product_cat":[792,79],"product_tag":[],"class_list":{"0":"post-10060","1":"product","2":"type-product","3":"status-publish","4":"has-post-thumbnail","6":"product_cat-novedades","7":"product_cat-vinos-blancos","8":"pa_bodega-binigrau","9":"pa_zona-vinicola-v-t-mallorca","11":"first","12":"instock","13":"taxable","14":"shipping-taxable","15":"purchasable","16":"product-type-simple"},"_links":{"self":[{"href":"https:\/\/www.mr-vin.com\/en\/wp-json\/wp\/v2\/product\/10060","targetHints":{"allow":["GET"]}}],"collection":[{"href":"https:\/\/www.mr-vin.com\/en\/wp-json\/wp\/v2\/product"}],"about":[{"href":"https:\/\/www.mr-vin.com\/en\/wp-json\/wp\/v2\/types\/product"}],"wp:featuredmedia":[{"embeddable":true,"href":"https:\/\/www.mr-vin.com\/en\/wp-json\/wp\/v2\/media\/10061"}],"wp:attachment":[{"href":"https:\/\/www.mr-vin.com\/en\/wp-json\/wp\/v2\/media?parent=10060"}],"wp:term":[{"taxonomy":"product_brand","embeddable":true,"href":"https:\/\/www.mr-vin.com\/en\/wp-json\/wp\/v2\/product_brand?post=10060"},{"taxonomy":"product_cat","embeddable":true,"href":"https:\/\/www.mr-vin.com\/en\/wp-json\/wp\/v2\/product_cat?post=10060"},{"taxonomy":"product_tag","embeddable":true,"href":"https:\/\/www.mr-vin.com\/en\/wp-json\/wp\/v2\/product_tag?post=10060"}],"curies":[{"name":"wp","href":"https:\/\/api.w.org\/{rel}","templated":true}]}}