{"id":10056,"date":"2026-04-14T12:24:08","date_gmt":"2026-04-14T10:24:08","guid":{"rendered":"https:\/\/www.mr-vin.com\/?post_type=product&#038;p=10056"},"modified":"2026-04-14T12:24:08","modified_gmt":"2026-04-14T10:24:08","slug":"obac-de-binigrau","status":"publish","type":"product","link":"https:\/\/www.mr-vin.com\/en\/product\/obac-de-binigrau\/","title":{"rendered":"Obac de Binigrau"},"content":{"rendered":"<p><strong>Coupage de las variedades<\/strong> mantonegro, callet, merlot, cabernet sauvignon y syrah.<\/p>\n<p>Con una crianza entre doce y catorce meses en barricas de roble franc\u00e9s selecci\u00f3n grano fino. Presenta un color rub\u00ed intenso con tonalidades granates muy cubierto y elegante. Destacan las notas de especias y frutas secas, hinojo y regaliz. Fondo de fruta madura y madera muy bien integrada.<\/p>\n","protected":false},"excerpt":{"rendered":"<p>Coupage de las variedades mantonegro, callet, merlot, cabernet sauvignon y syrah. Con una crianza entre doce y catorce meses en\u2026<\/p>\n","protected":false},"featured_media":10057,"template":"","meta":{"inline_featured_image":false,"_monsterinsights_skip_tracking":false,"_monsterinsights_sitenote_active":false,"_monsterinsights_sitenote_note":"","_monsterinsights_sitenote_category":0},"product_brand":[],"product_cat":[792,77],"product_tag":[],"class_list":{"0":"post-10056","1":"product","2":"type-product","3":"status-publish","4":"has-post-thumbnail","6":"product_cat-novedades","7":"product_cat-vinos-tintos","8":"pa_bodega-binigrau","9":"pa_zona-vinicola-v-t-mallorca","11":"first","12":"instock","13":"taxable","14":"shipping-taxable","15":"purchasable","16":"product-type-simple"},"_links":{"self":[{"href":"https:\/\/www.mr-vin.com\/en\/wp-json\/wp\/v2\/product\/10056","targetHints":{"allow":["GET"]}}],"collection":[{"href":"https:\/\/www.mr-vin.com\/en\/wp-json\/wp\/v2\/product"}],"about":[{"href":"https:\/\/www.mr-vin.com\/en\/wp-json\/wp\/v2\/types\/product"}],"wp:featuredmedia":[{"embeddable":true,"href":"https:\/\/www.mr-vin.com\/en\/wp-json\/wp\/v2\/media\/10057"}],"wp:attachment":[{"href":"https:\/\/www.mr-vin.com\/en\/wp-json\/wp\/v2\/media?parent=10056"}],"wp:term":[{"taxonomy":"product_brand","embeddable":true,"href":"https:\/\/www.mr-vin.com\/en\/wp-json\/wp\/v2\/product_brand?post=10056"},{"taxonomy":"product_cat","embeddable":true,"href":"https:\/\/www.mr-vin.com\/en\/wp-json\/wp\/v2\/product_cat?post=10056"},{"taxonomy":"product_tag","embeddable":true,"href":"https:\/\/www.mr-vin.com\/en\/wp-json\/wp\/v2\/product_tag?post=10056"}],"curies":[{"name":"wp","href":"https:\/\/api.w.org\/{rel}","templated":true}]}}