{"id":10039,"date":"2026-04-14T11:38:12","date_gmt":"2026-04-14T09:38:12","guid":{"rendered":"https:\/\/www.mr-vin.com\/?post_type=product&#038;p=10039"},"modified":"2026-04-16T10:37:02","modified_gmt":"2026-04-16T08:37:02","slug":"escalo-vermut-formentera","status":"publish","type":"product","link":"https:\/\/www.mr-vin.com\/en\/product\/escalo-vermut-formentera\/","title":{"rendered":"EsCal\u00f3 vermut Formentera"},"content":{"rendered":"<p><strong>Variedades principales<\/strong>: Garnacha blanca y moscatel de grano menudo.<\/p>\n<p>EsCal\u00f3 es una zona costera de Formentera que se cree que habr\u00eda sido la puerta de entrada de los monjes ermita\u00f1os, a mediados del siglo XIII, que llevaron el cultivo de la vi\u00f1a a la isla peque\u00f1a de las Pitiusas. Esta zona ha inspirado a Terramoll para dar nombre a este vermut blanco artesanal, elaborado exclusivamente con vino ecol\u00f3gico 100% de Formentera. Un vermut fresco, muy equilibrado y f\u00e1cil de beber.<\/p>\n","protected":false},"excerpt":{"rendered":"<p>Variedades principales: Garnacha blanca y moscatel de grano menudo. EsCal\u00f3 es una zona costera de Formentera que se cree que\u2026<\/p>\n","protected":false},"featured_media":10054,"template":"","meta":{"inline_featured_image":false,"_monsterinsights_skip_tracking":false,"_monsterinsights_sitenote_active":false,"_monsterinsights_sitenote_note":"","_monsterinsights_sitenote_category":0},"product_brand":[],"product_cat":[792,275],"product_tag":[],"class_list":{"0":"post-10039","1":"product","2":"type-product","3":"status-publish","4":"has-post-thumbnail","6":"product_cat-novedades","7":"product_cat-vermuts","8":"pa_bodega-terramoll","9":"pa_zona-vinicola-v-t-formentera","11":"first","12":"instock","13":"taxable","14":"shipping-taxable","15":"purchasable","16":"product-type-simple"},"_links":{"self":[{"href":"https:\/\/www.mr-vin.com\/en\/wp-json\/wp\/v2\/product\/10039","targetHints":{"allow":["GET"]}}],"collection":[{"href":"https:\/\/www.mr-vin.com\/en\/wp-json\/wp\/v2\/product"}],"about":[{"href":"https:\/\/www.mr-vin.com\/en\/wp-json\/wp\/v2\/types\/product"}],"wp:featuredmedia":[{"embeddable":true,"href":"https:\/\/www.mr-vin.com\/en\/wp-json\/wp\/v2\/media\/10054"}],"wp:attachment":[{"href":"https:\/\/www.mr-vin.com\/en\/wp-json\/wp\/v2\/media?parent=10039"}],"wp:term":[{"taxonomy":"product_brand","embeddable":true,"href":"https:\/\/www.mr-vin.com\/en\/wp-json\/wp\/v2\/product_brand?post=10039"},{"taxonomy":"product_cat","embeddable":true,"href":"https:\/\/www.mr-vin.com\/en\/wp-json\/wp\/v2\/product_cat?post=10039"},{"taxonomy":"product_tag","embeddable":true,"href":"https:\/\/www.mr-vin.com\/en\/wp-json\/wp\/v2\/product_tag?post=10039"}],"curies":[{"name":"wp","href":"https:\/\/api.w.org\/{rel}","templated":true}]}}