{"id":10034,"date":"2026-04-14T10:44:03","date_gmt":"2026-04-14T08:44:03","guid":{"rendered":"https:\/\/www.mr-vin.com\/?post_type=product&#038;p=10034"},"modified":"2026-04-23T12:40:32","modified_gmt":"2026-04-23T10:40:32","slug":"lliri-50cl-vino-dulce","status":"publish","type":"product","link":"https:\/\/www.mr-vin.com\/en\/product\/lliri-50cl-vino-dulce\/","title":{"rendered":"LLIRI 50cl vino dulce"},"content":{"rendered":"<p><span dir=\"auto\">Blanco naturalmente dulce.<\/span><br \/>\n<span dir=\"auto\">Variedades: Garnacha blanca, Viognier, Malvas\u00eda y Moscatel de grano peque\u00f1o.<\/span><\/p>\n<p>&nbsp;<\/p>\n<p>Color dorado p\u00e1lido. Sobresalen los aromas florales y de fruta de hueso, sobre un fondo mineral. Con ligeras notas tropicales. En boca es goloso, amplio y carnoso, pero con una buena entrada dado su equilibrio entre dulzura, acidez y grado alcoh\u00f3lico. Disfruta de un agradable final. Demuestra una muy buena aptitud para su envejecimiento en botella.<\/p>\n<p>&nbsp;<\/p>\n<p><em><strong>Maridaje:<\/strong> Vino recomendado para acompa\u00f1ar aperitivos a base de quesos azules, quesos curados y foies. Adem\u00e1s, es ideal para combinar con pastas y cremas dulces durante el postre.<\/em><\/p>\n","protected":false},"excerpt":{"rendered":"<p>Blanco naturalmente dulce. Variedades: Garnacha blanca, Viognier, Malvas\u00eda y Moscatel de grano peque\u00f1o. &nbsp; Color dorado p\u00e1lido. Sobresalen los aromas\u2026<\/p>\n","protected":false},"featured_media":10052,"template":"","meta":{"inline_featured_image":false,"_monsterinsights_skip_tracking":false,"_monsterinsights_sitenote_active":false,"_monsterinsights_sitenote_note":"","_monsterinsights_sitenote_category":0},"product_brand":[],"product_cat":[792,79,156,78],"product_tag":[],"class_list":{"0":"post-10034","1":"product","2":"type-product","3":"status-publish","4":"has-post-thumbnail","6":"product_cat-novedades","7":"product_cat-vinos-blancos","8":"product_cat-vinos-dulces","9":"product_cat-vinos-ecologicos","10":"pa_bodega-terramoll","11":"pa_zona-vinicola-v-t-formentera","13":"first","14":"instock","15":"taxable","16":"shipping-taxable","17":"purchasable","18":"product-type-simple"},"_links":{"self":[{"href":"https:\/\/www.mr-vin.com\/en\/wp-json\/wp\/v2\/product\/10034","targetHints":{"allow":["GET"]}}],"collection":[{"href":"https:\/\/www.mr-vin.com\/en\/wp-json\/wp\/v2\/product"}],"about":[{"href":"https:\/\/www.mr-vin.com\/en\/wp-json\/wp\/v2\/types\/product"}],"wp:featuredmedia":[{"embeddable":true,"href":"https:\/\/www.mr-vin.com\/en\/wp-json\/wp\/v2\/media\/10052"}],"wp:attachment":[{"href":"https:\/\/www.mr-vin.com\/en\/wp-json\/wp\/v2\/media?parent=10034"}],"wp:term":[{"taxonomy":"product_brand","embeddable":true,"href":"https:\/\/www.mr-vin.com\/en\/wp-json\/wp\/v2\/product_brand?post=10034"},{"taxonomy":"product_cat","embeddable":true,"href":"https:\/\/www.mr-vin.com\/en\/wp-json\/wp\/v2\/product_cat?post=10034"},{"taxonomy":"product_tag","embeddable":true,"href":"https:\/\/www.mr-vin.com\/en\/wp-json\/wp\/v2\/product_tag?post=10034"}],"curies":[{"name":"wp","href":"https:\/\/api.w.org\/{rel}","templated":true}]}}